{"id":3817,"date":"2022-04-05T02:33:13","date_gmt":"2022-04-05T02:33:13","guid":{"rendered":"https:\/\/sacramento.labiaplastyvaginoplasty.com\/galeria\/"},"modified":"2023-01-16T19:38:20","modified_gmt":"2023-01-16T19:38:20","slug":"galeria","status":"publish","type":"page","link":"https:\/\/sacramento.labiaplastyvaginoplasty.com\/es\/galeria\/","title":{"rendered":"Galer\u00eda"},"content":{"rendered":"\n<div class=\"wp-block-cover alignfull\"><span aria-hidden=\"true\" class=\"wp-block-cover__background has-theme-primary-background-color has-background-dim-100 has-background-dim\"><\/span><div class=\"wp-block-cover__inner-container is-layout-flow wp-block-cover-is-layout-flow\">\n<div style=\"height:30px\" aria-hidden=\"true\" class=\"wp-block-spacer global-spacer-page-title\"><\/div>\n\n\n\n<h1 class=\"has-text-align-center ticss-71bae9e2 gallery-link-title wp-block-heading\">Fotos de antes y despu\u00e9s<\/h1>\n\n\n\n<div style=\"height:30px\" aria-hidden=\"true\" class=\"wp-block-spacer global-spacer-page-title\"><\/div>\n<\/div><\/div>\n\n\n\n<div class=\"wp-block-cover alignfull is-light gallery-link-wrapper\"><span aria-hidden=\"true\" class=\"wp-block-cover__background has-text-light-background-color has-background-dim\"><\/span><img loading=\"lazy\" decoding=\"async\" width=\"1920\" height=\"1006\" class=\"wp-block-cover__image-background wp-image-3103\" alt=\"Before and After Photos Labiaplasty and Vaginoplasty CA\" src=\"https:\/\/sacramento.labiaplastyvaginoplasty.com\/wp-content\/uploads\/2022\/11\/before-and-after-photos-labiaplasty-and-vaginoplasty-ca.jpg\" style=\"object-position:65% 0%\" data-object-fit=\"cover\" data-object-position=\"65% 0%\"\/><div class=\"wp-block-cover__inner-container is-layout-flow wp-block-cover-is-layout-flow\">\n<div style=\"height:130px\" aria-hidden=\"true\" class=\"wp-block-spacer global-spacer-gallery\"><\/div>\n\n\n\n<div class=\"wp-block-genesis-blocks-gb-columns gallery-link gb-layout-columns-1 one-column gb-columns-center\"><div class=\"gb-layout-column-wrap gb-block-layout-column-gap-2 gb-is-responsive-column\" style=\"max-width:600px\">\n<div class=\"wp-block-genesis-blocks-gb-column gb-block-layout-column\"><div class=\"gb-block-layout-column-inner has-theme-primary-background-color has-text-light-color\">\n<ul class=\"wp-block-list\">\n<li><a href=\"https:\/\/sacramento.labiaplastyvaginoplasty.com\/es\/labioplastia-california-fotos-de-antes-y-despues\/\">Fotos de la labioplastia<\/a><\/li>\n\n\n\n<li><a href=\"https:\/\/sacramento.labiaplastyvaginoplasty.com\/es\/rejuvenecimiento-vaginal-california-fotos-de-antes-y-despues\/\">Fotos de rejuvenecimiento vaginal<\/a><\/li>\n\n\n\n<li><a href=\"https:\/\/sacramento.labiaplastyvaginoplasty.com\/es\/vaginoplastia-california-fotos-de-antes-y-despues\/\">Fotos de vaginoplastia<\/a><\/li>\n\n\n\n<li><a href=\"https:\/\/sacramento.labiaplastyvaginoplasty.com\/es\/reduccion-del-capuchon-del-clitoris-california-fotos-de-antes-y-despues\/\">Fotos de la reducci\u00f3n del capuch\u00f3n del cl\u00edtoris<\/a><\/li>\n<\/ul>\n<\/div><\/div>\n<\/div><\/div>\n\n\n\n<div style=\"height:130px\" aria-hidden=\"true\" class=\"wp-block-spacer global-spacer-gallery\"><\/div>\n<\/div><\/div>\n\n\n\n<aside class=\"gallery-privacy\"><div class=\"gallery-privacy-wrapper\"><button class=\"close\"><i class=\"fas fa-times\"><\/i><\/button><div class=\"gallery-privacy-under-18\">No tienes la edad suficiente para ver este contenido.<\/div><div class=\"gallery-privacy-content\"><div class=\"gallery-privacy-message\">Bienvenido a Nuestra Galer\u00eda<\/div><div class=\"gallery-privacy-caption\">Por favor verifique su edad para ingresar.<\/div><div class=\"gallery-privacy-buttons\"><button type=\"button\" class=\"gallery-privacy-btn-over-18\">Soy mayor de 18<\/button><button type=\"button\" class=\"gallery-privacy-btn-under-18\">Soy menor de 18<\/button><\/div><div class=\"gallery-privacy-info\">Al ingresar a este sitio, usted acepta los T\u00e9rminos de uso y la Pol\u00edtica de privacidad.<\/div><\/div><\/div><style type=\"text\/css\">.gallery-privacy { box-sizing: border-box; text-align: center; position: fixed; top: 0; left: 0; width: 100%; max-width: 100% !important; height: 100%; background-color: rgba(0,0,0,0.8); display: none; flex-flow: row wrap; align-items: center; justify-content: center; z-index: 9999999; }\n        .gallery-privacy * { box-sizing: border-box; }\n        .gallery-privacy button.close { color: #000 !important; position: absolute; right: 10px; top: 10px; padding: 0; outline: none; background-color: unset; cursor: pointer; font-size: 15px; font-weight: 700; line-height: 1; box-sizing: border-box; text-align: center; height: 40px; width: 40px; border: 1px solid rgba(0, 0, 0, 0.4); transition: 0.3s ease-in; }\n        .gallery-privacy button.close:hover { color: #fff !important; transform: translateY(-2px); background-color: #000; }\n        .gallery-privacy-wrapper { width: calc(100% - 30px); max-width: 460px; background-color: #ffffff; position: relative; }\n        .gallery-privacy-under-18 { color: #fff !important; display: none; width: 100%; background-color: #111111; padding: 20px; position: absolute; bottom: 100%; left: 0; }\n        .gallery-privacy-content { color: #2a2a2a; padding: 30px; min-height: 300px; display: flex; flex-flow: column wrap; justify-content: center; }\n        .gallery-privacy-content * { max-width: 100%; }\n        .gallery-privacy-message { font-size: 28px; line-height: 1.15; font-weight: 700; margin-bottom: 20px; }\n        .gallery-privacy-caption { font-size: 16px; line-height: 1.25; }\n        .gallery-privacy-buttons { display: flex; margin: 20px -5px; max-width: calc(100% + 15px); }\n        .gallery-privacy-buttons button { color: #000 !important; position: relative; width: 50%; margin: 10px; padding: 10px; outline: none; background-color: unset; cursor: pointer; font-size: 15px; font-weight: 700; line-height: 1.6; text-align: center; border: 1px solid rgba(0, 0, 0, 0.4); top: 0; transition: 0.3s ease-in; }\n        .gallery-privacy-buttons button:hover { transform: translateY(-2px); }\n        .gallery-privacy-buttons button:first-child { color: #fff !important; background-color: #00829a; border-color: #00829a; }\n        .gallery-privacy-info { font-size: 11px; }\n        @media (max-width:576px) {\n            .gallery-privacy-content { padding: 20px; }\n        }\n    <\/style><script>(function($) {\n            var $linkclicked;\n            $('.gallery-link a').on('click', function(event){\n                if(getCookie('popupCookie') != 'closed' ){\n                    event.preventDefault();\n                    $linkclicked = $(this).attr('href');\n                    $('.gallery-privacy').fadeIn();\n                    $('.gallery-privacy').css(\"display\", \"flex\");\n                }\n            });\n\n            $('button.gallery-privacy-btn-over-18').on('click', function(){\n                $('.gallery-privacy').fadeOut();\n                window.location.href = $linkclicked;\n            });\n            $('button.close').on('click', function(){\n                $('.gallery-privacy').fadeOut();\n            });\n            $('button.gallery-privacy-btn-under-18').on('click', function(){\n                $('.gallery-privacy-under-18').fadeIn();\n            });\n\n\n            \/\/sets the coookie to one minute if the popup is closed (whole numbers = days)\n              $('button.gallery-privacy-btn-over-18').click(function(){\n                $('.gallery-privacy').fadeOut();\n                setCookie( 'popupCookie', 'closed', .00069444444 * 1440 );\n              });\n\n\n              function getCookie(cname) {\n                var name = cname + \"=\";\n                var ca = document.cookie.split(';');\n                for (var i = 0; i <ca.length; i++) { var c = ca[i]; while (c.charAt(0) == ' ') { c = c.substring(1); } if (c.indexOf(name) == 0) { return c.substring(name.length, c.length); } } return \"\"; } function setCookie(cname, cvalue, exdays) { var d = new Date(); d.setTime(d.getTime() + (exdays * 24 * 60 * 60 * 1000)); var expires = \"expires=\" + d.toUTCString(); document.cookie = cname + \"=\" + cvalue + \";\" + expires + \";path=\/\"; } })(jQuery); <\/script><\/aside>\n","protected":false},"excerpt":{"rendered":"<p>No tienes la edad suficiente para ver este contenido. Bienvenido a Nuestra Galer\u00eda Por favor verifique su edad para ingresar. Soy mayor de 18Soy menor de 18 Al ingresar a este sitio, usted acepta los T\u00e9rminos de uso y la Pol\u00edtica de privacidad.<\/p>\n","protected":false},"author":1,"featured_media":3695,"parent":0,"menu_order":0,"comment_status":"closed","ping_status":"closed","template":"page-templates\/blocks.php","meta":{"_genesis_hide_title":false,"_genesis_hide_breadcrumbs":false,"_genesis_hide_singular_image":false,"_genesis_hide_footer_widgets":false,"_genesis_custom_body_class":"","_genesis_custom_post_class":"","_genesis_layout":"","footnotes":""},"class_list":{"0":"post-3817","1":"page","2":"type-page","3":"status-publish","4":"has-post-thumbnail","6":"entry"},"yoast_head":"<!-- This site is optimized with the Yoast SEO plugin v27.5 - https:\/\/yoast.com\/product\/yoast-seo-wordpress\/ -->\n<title>Galer\u00eda - Alinea Labiaplasty &amp; Vaginoplasty CA<\/title>\n<meta name=\"robots\" content=\"noindex, follow, max-snippet:-1, max-image-preview:large, max-video-preview:-1\" \/>\n<meta property=\"og:locale\" content=\"es_ES\" \/>\n<meta property=\"og:type\" content=\"article\" \/>\n<meta property=\"og:title\" content=\"Galer\u00eda - Alinea Labiaplasty &amp; Vaginoplasty CA\" \/>\n<meta property=\"og:description\" content=\"No tienes la edad suficiente para ver este contenido. Bienvenido a Nuestra Galer\u00eda Por favor verifique su edad para ingresar. Soy mayor de 18Soy menor de 18 Al ingresar a este sitio, usted acepta los T\u00e9rminos de uso y la Pol\u00edtica de privacidad.\" \/>\n<meta property=\"og:url\" content=\"https:\/\/sacramento.labiaplastyvaginoplasty.com\/es\/galeria\/\" \/>\n<meta property=\"og:site_name\" content=\"Alinea Labiaplasty &amp; Vaginoplasty CA\" \/>\n<meta property=\"article:modified_time\" content=\"2023-01-16T19:38:20+00:00\" \/>\n<meta property=\"og:image\" content=\"https:\/\/sacramento.labiaplastyvaginoplasty.com\/wp-content\/uploads\/2022\/11\/before-and-after-photos-labiaplasty-and-vaginoplasty-in-california-m.jpg\" \/>\n\t<meta property=\"og:image:width\" content=\"750\" \/>\n\t<meta property=\"og:image:height\" content=\"393\" \/>\n\t<meta property=\"og:image:type\" content=\"image\/jpeg\" \/>\n<meta name=\"twitter:card\" content=\"summary_large_image\" \/>\n<script type=\"application\/ld+json\" class=\"yoast-schema-graph\">{\"@context\":\"https:\\\/\\\/schema.org\",\"@graph\":[{\"@type\":\"WebPage\",\"@id\":\"https:\\\/\\\/sacramento.labiaplastyvaginoplasty.com\\\/es\\\/galeria\\\/\",\"url\":\"https:\\\/\\\/sacramento.labiaplastyvaginoplasty.com\\\/es\\\/galeria\\\/\",\"name\":\"Galer\u00eda - Alinea Labiaplasty &amp; Vaginoplasty CA\",\"isPartOf\":{\"@id\":\"https:\\\/\\\/sacramento.labiaplastyvaginoplasty.com\\\/es\\\/#website\"},\"primaryImageOfPage\":{\"@id\":\"https:\\\/\\\/sacramento.labiaplastyvaginoplasty.com\\\/es\\\/galeria\\\/#primaryimage\"},\"image\":{\"@id\":\"https:\\\/\\\/sacramento.labiaplastyvaginoplasty.com\\\/es\\\/galeria\\\/#primaryimage\"},\"thumbnailUrl\":\"https:\\\/\\\/sacramento.labiaplastyvaginoplasty.com\\\/wp-content\\\/uploads\\\/2022\\\/11\\\/before-and-after-photos-labiaplasty-and-vaginoplasty-in-california-m.jpg\",\"datePublished\":\"2022-04-05T02:33:13+00:00\",\"dateModified\":\"2023-01-16T19:38:20+00:00\",\"breadcrumb\":{\"@id\":\"https:\\\/\\\/sacramento.labiaplastyvaginoplasty.com\\\/es\\\/galeria\\\/#breadcrumb\"},\"inLanguage\":\"es\",\"potentialAction\":[{\"@type\":\"ReadAction\",\"target\":[\"https:\\\/\\\/sacramento.labiaplastyvaginoplasty.com\\\/es\\\/galeria\\\/\"]}]},{\"@type\":\"ImageObject\",\"inLanguage\":\"es\",\"@id\":\"https:\\\/\\\/sacramento.labiaplastyvaginoplasty.com\\\/es\\\/galeria\\\/#primaryimage\",\"url\":\"https:\\\/\\\/sacramento.labiaplastyvaginoplasty.com\\\/wp-content\\\/uploads\\\/2022\\\/11\\\/before-and-after-photos-labiaplasty-and-vaginoplasty-in-california-m.jpg\",\"contentUrl\":\"https:\\\/\\\/sacramento.labiaplastyvaginoplasty.com\\\/wp-content\\\/uploads\\\/2022\\\/11\\\/before-and-after-photos-labiaplasty-and-vaginoplasty-in-california-m.jpg\",\"width\":750,\"height\":393},{\"@type\":\"BreadcrumbList\",\"@id\":\"https:\\\/\\\/sacramento.labiaplastyvaginoplasty.com\\\/es\\\/galeria\\\/#breadcrumb\",\"itemListElement\":[{\"@type\":\"ListItem\",\"position\":1,\"name\":\"Home\",\"item\":\"https:\\\/\\\/sacramento.labiaplastyvaginoplasty.com\\\/es\\\/\"},{\"@type\":\"ListItem\",\"position\":2,\"name\":\"Galer\u00eda\"}]},{\"@type\":\"WebSite\",\"@id\":\"https:\\\/\\\/sacramento.labiaplastyvaginoplasty.com\\\/es\\\/#website\",\"url\":\"https:\\\/\\\/sacramento.labiaplastyvaginoplasty.com\\\/es\\\/\",\"name\":\"Alinea Labiaplasty &amp; Vaginoplasty CA\",\"description\":\"Labiaplasty &amp; Vaginoplasty California\",\"publisher\":{\"@id\":\"https:\\\/\\\/sacramento.labiaplastyvaginoplasty.com\\\/es\\\/#organization\"},\"potentialAction\":[{\"@type\":\"SearchAction\",\"target\":{\"@type\":\"EntryPoint\",\"urlTemplate\":\"https:\\\/\\\/sacramento.labiaplastyvaginoplasty.com\\\/es\\\/?s={search_term_string}\"},\"query-input\":{\"@type\":\"PropertyValueSpecification\",\"valueRequired\":true,\"valueName\":\"search_term_string\"}}],\"inLanguage\":\"es\"},{\"@type\":\"Organization\",\"@id\":\"https:\\\/\\\/sacramento.labiaplastyvaginoplasty.com\\\/es\\\/#organization\",\"name\":\"Alinea Medical California\",\"url\":\"https:\\\/\\\/sacramento.labiaplastyvaginoplasty.com\\\/es\\\/\",\"logo\":{\"@type\":\"ImageObject\",\"inLanguage\":\"es\",\"@id\":\"https:\\\/\\\/sacramento.labiaplastyvaginoplasty.com\\\/es\\\/#\\\/schema\\\/logo\\\/image\\\/\",\"url\":\"https:\\\/\\\/sacramento.labiaplastyvaginoplasty.com\\\/wp-content\\\/uploads\\\/2022\\\/11\\\/alinea-labiaplasty-vaginoplasty-ca-logo.png\",\"contentUrl\":\"https:\\\/\\\/sacramento.labiaplastyvaginoplasty.com\\\/wp-content\\\/uploads\\\/2022\\\/11\\\/alinea-labiaplasty-vaginoplasty-ca-logo.png\",\"width\":460,\"height\":128,\"caption\":\"Alinea Medical California\"},\"image\":{\"@id\":\"https:\\\/\\\/sacramento.labiaplastyvaginoplasty.com\\\/es\\\/#\\\/schema\\\/logo\\\/image\\\/\"}}]}<\/script>\n<!-- \/ Yoast SEO plugin. -->","yoast_head_json":{"title":"Galer\u00eda - Alinea Labiaplasty &amp; Vaginoplasty CA","robots":{"index":"noindex","follow":"follow","max-snippet":"max-snippet:-1","max-image-preview":"max-image-preview:large","max-video-preview":"max-video-preview:-1"},"og_locale":"es_ES","og_type":"article","og_title":"Galer\u00eda - Alinea Labiaplasty &amp; Vaginoplasty CA","og_description":"No tienes la edad suficiente para ver este contenido. Bienvenido a Nuestra Galer\u00eda Por favor verifique su edad para ingresar. Soy mayor de 18Soy menor de 18 Al ingresar a este sitio, usted acepta los T\u00e9rminos de uso y la Pol\u00edtica de privacidad.","og_url":"https:\/\/sacramento.labiaplastyvaginoplasty.com\/es\/galeria\/","og_site_name":"Alinea Labiaplasty &amp; Vaginoplasty CA","article_modified_time":"2023-01-16T19:38:20+00:00","og_image":[{"width":750,"height":393,"url":"https:\/\/sacramento.labiaplastyvaginoplasty.com\/wp-content\/uploads\/2022\/11\/before-and-after-photos-labiaplasty-and-vaginoplasty-in-california-m.jpg","type":"image\/jpeg"}],"twitter_card":"summary_large_image","schema":{"@context":"https:\/\/schema.org","@graph":[{"@type":"WebPage","@id":"https:\/\/sacramento.labiaplastyvaginoplasty.com\/es\/galeria\/","url":"https:\/\/sacramento.labiaplastyvaginoplasty.com\/es\/galeria\/","name":"Galer\u00eda - Alinea Labiaplasty &amp; Vaginoplasty CA","isPartOf":{"@id":"https:\/\/sacramento.labiaplastyvaginoplasty.com\/es\/#website"},"primaryImageOfPage":{"@id":"https:\/\/sacramento.labiaplastyvaginoplasty.com\/es\/galeria\/#primaryimage"},"image":{"@id":"https:\/\/sacramento.labiaplastyvaginoplasty.com\/es\/galeria\/#primaryimage"},"thumbnailUrl":"https:\/\/sacramento.labiaplastyvaginoplasty.com\/wp-content\/uploads\/2022\/11\/before-and-after-photos-labiaplasty-and-vaginoplasty-in-california-m.jpg","datePublished":"2022-04-05T02:33:13+00:00","dateModified":"2023-01-16T19:38:20+00:00","breadcrumb":{"@id":"https:\/\/sacramento.labiaplastyvaginoplasty.com\/es\/galeria\/#breadcrumb"},"inLanguage":"es","potentialAction":[{"@type":"ReadAction","target":["https:\/\/sacramento.labiaplastyvaginoplasty.com\/es\/galeria\/"]}]},{"@type":"ImageObject","inLanguage":"es","@id":"https:\/\/sacramento.labiaplastyvaginoplasty.com\/es\/galeria\/#primaryimage","url":"https:\/\/sacramento.labiaplastyvaginoplasty.com\/wp-content\/uploads\/2022\/11\/before-and-after-photos-labiaplasty-and-vaginoplasty-in-california-m.jpg","contentUrl":"https:\/\/sacramento.labiaplastyvaginoplasty.com\/wp-content\/uploads\/2022\/11\/before-and-after-photos-labiaplasty-and-vaginoplasty-in-california-m.jpg","width":750,"height":393},{"@type":"BreadcrumbList","@id":"https:\/\/sacramento.labiaplastyvaginoplasty.com\/es\/galeria\/#breadcrumb","itemListElement":[{"@type":"ListItem","position":1,"name":"Home","item":"https:\/\/sacramento.labiaplastyvaginoplasty.com\/es\/"},{"@type":"ListItem","position":2,"name":"Galer\u00eda"}]},{"@type":"WebSite","@id":"https:\/\/sacramento.labiaplastyvaginoplasty.com\/es\/#website","url":"https:\/\/sacramento.labiaplastyvaginoplasty.com\/es\/","name":"Alinea Labiaplasty &amp; Vaginoplasty CA","description":"Labiaplasty &amp; Vaginoplasty California","publisher":{"@id":"https:\/\/sacramento.labiaplastyvaginoplasty.com\/es\/#organization"},"potentialAction":[{"@type":"SearchAction","target":{"@type":"EntryPoint","urlTemplate":"https:\/\/sacramento.labiaplastyvaginoplasty.com\/es\/?s={search_term_string}"},"query-input":{"@type":"PropertyValueSpecification","valueRequired":true,"valueName":"search_term_string"}}],"inLanguage":"es"},{"@type":"Organization","@id":"https:\/\/sacramento.labiaplastyvaginoplasty.com\/es\/#organization","name":"Alinea Medical California","url":"https:\/\/sacramento.labiaplastyvaginoplasty.com\/es\/","logo":{"@type":"ImageObject","inLanguage":"es","@id":"https:\/\/sacramento.labiaplastyvaginoplasty.com\/es\/#\/schema\/logo\/image\/","url":"https:\/\/sacramento.labiaplastyvaginoplasty.com\/wp-content\/uploads\/2022\/11\/alinea-labiaplasty-vaginoplasty-ca-logo.png","contentUrl":"https:\/\/sacramento.labiaplastyvaginoplasty.com\/wp-content\/uploads\/2022\/11\/alinea-labiaplasty-vaginoplasty-ca-logo.png","width":460,"height":128,"caption":"Alinea Medical California"},"image":{"@id":"https:\/\/sacramento.labiaplastyvaginoplasty.com\/es\/#\/schema\/logo\/image\/"}}]}},"featured_image_src":"https:\/\/sacramento.labiaplastyvaginoplasty.com\/wp-content\/uploads\/2022\/11\/before-and-after-photos-labiaplasty-and-vaginoplasty-in-california-m-600x393.jpg","featured_image_src_square":"https:\/\/sacramento.labiaplastyvaginoplasty.com\/wp-content\/uploads\/2022\/11\/before-and-after-photos-labiaplasty-and-vaginoplasty-in-california-m-600x393.jpg","_links":{"self":[{"href":"https:\/\/sacramento.labiaplastyvaginoplasty.com\/es\/wp-json\/wp\/v2\/pages\/3817","targetHints":{"allow":["GET"]}}],"collection":[{"href":"https:\/\/sacramento.labiaplastyvaginoplasty.com\/es\/wp-json\/wp\/v2\/pages"}],"about":[{"href":"https:\/\/sacramento.labiaplastyvaginoplasty.com\/es\/wp-json\/wp\/v2\/types\/page"}],"author":[{"embeddable":true,"href":"https:\/\/sacramento.labiaplastyvaginoplasty.com\/es\/wp-json\/wp\/v2\/users\/1"}],"replies":[{"embeddable":true,"href":"https:\/\/sacramento.labiaplastyvaginoplasty.com\/es\/wp-json\/wp\/v2\/comments?post=3817"}],"version-history":[{"count":0,"href":"https:\/\/sacramento.labiaplastyvaginoplasty.com\/es\/wp-json\/wp\/v2\/pages\/3817\/revisions"}],"wp:featuredmedia":[{"embeddable":true,"href":"https:\/\/sacramento.labiaplastyvaginoplasty.com\/es\/wp-json\/wp\/v2\/media\/3695"}],"wp:attachment":[{"href":"https:\/\/sacramento.labiaplastyvaginoplasty.com\/es\/wp-json\/wp\/v2\/media?parent=3817"}],"curies":[{"name":"wp","href":"https:\/\/api.w.org\/{rel}","templated":true}]}}